{"id":38,"date":"2011-05-26T12:30:43","date_gmt":"2011-05-26T12:30:43","guid":{"rendered":"http:\/\/www.isoc-drustvo.si\/?page_id=38"},"modified":"2012-06-19T10:55:15","modified_gmt":"2012-06-19T10:55:15","slug":"dobrodosli","status":"publish","type":"page","link":"https:\/\/www.isoc.si\/","title":{"rendered":"Dobrodo\u0161li"},"content":{"rendered":"<p>Dobrodo\u0161li na straneh Slovenskega zdru\u017eenja za ra\u010dunalni\u0161ke komunikacije Internet ISOC-SI, ki deluje pod okriljem mednarodnega zdru\u017eenja Internet Society, ki zdru\u017euje ve\u010d kot 150 organizacijskih in 6000 samostojnih \u010dlanov v nekaj ve\u010d kot 100 dr\u017eavah. Organizacija \u010dlanom omogo\u010da soo\u010danje s prihodnostjo interneta in zdru\u017euje skupine, odgovorne za internetne infrastrukturne standarde. Individualne in organizacijske \u010dlane zdru\u017eenja zavezujejo skupna vlaganja za vzdr\u017eevanje mo\u017enosti za razvoj in globalno \u0161iritev Interneta. V organizacijo so vklju\u010dena podjetja, dr\u017eavne agencije in ustanove, ki so ustvarile Internet in tudi skrbijo za njegov razvoj in nove tehnologije.<\/p>\n<p>Naloge dru\u0161tva:<\/p>\n<ul>\n<li>popularizacija in promocija storitev in standardov Interneta,<\/li>\n<li>aktivna udele\u017eba pri oblikovanju in negovanju komunikacijske kulture,<\/li>\n<li>uveljavljanje slovenskega jezika v storitvah Internet-a,<\/li>\n<li>izobra\u017eevanje clanov in drugih, zunanjih interesentov,<\/li>\n<li>posredovanje informacij in strokovnih mnenj o stanju v svetu in doma,<\/li>\n<li>aktivna udele\u017eba pri nastajanju predpisov in aktov na podrocju podatkovnih komunikacij,<\/li>\n<li>sodelovanje s tujimi strokovnimi zdru\u017eenji s podrocja predvsem z mednarodnim zdru\u017eenjem ISOC.<\/li>\n<\/ul>\n<h1>A Special Logo to Celebrate the Internet Society&#8217;s 20th Anniversar<wbr>y<\/wbr><\/h1>\n<p style=\"text-align: center;\"><a href=\"http:\/\/www.isoc-drustvo.si\/wp-content\/uploads\/2011\/05\/InternetSociety20-lg_0.png\"><img loading=\"lazy\" decoding=\"async\" class=\"size-full wp-image-549 aligncenter\" title=\"InternetSociety20-lg_0\" src=\"http:\/\/www.isoc-drustvo.si\/wp-content\/uploads\/2011\/05\/InternetSociety20-lg_0.png\" alt=\"\" width=\"400\" height=\"140\" srcset=\"https:\/\/www.isoc.si\/wp-content\/uploads\/2011\/05\/InternetSociety20-lg_0.png 400w, https:\/\/www.isoc.si\/wp-content\/uploads\/2011\/05\/InternetSociety20-lg_0-300x105.png 300w\" sizes=\"(max-width: 400px) 100vw, 400px\" \/><\/a><\/p>\n<h1>Aktualno<\/h1>\n<h3><a href=\"http:\/\/www.isoc-drustvo.si\/?p=580\"><strong>Invitation to Applicants: Internet Society Ambassadors to the Internet Governance Forum (IGF) in Baku, Azerbaijan, October 6-9<\/strong><\/a><\/h3>\n<h3><a href=\"http:\/\/www.isoc-drustvo.si\/?p=564\"><strong>Global INET 2012<\/strong><\/a><\/h3>\n<h3><a href=\"http:\/\/www.isoc-drustvo.si\/?p=558\"><strong>Najnovej\u0161a stali\u0161\u010da in informacije v zvezi z ACTA<\/strong><\/a><\/h3>\n<h3><a href=\"http:\/\/www.isoc-drustvo.si\/wp-content\/uploads\/2011\/05\/European-Research-Internet-History.pdf\"><strong>European Research Internet history<\/strong><\/a><\/h3>\n<h3><a href=\"http:\/\/www.isoc-drustvo.si\/wp-content\/uploads\/2011\/10\/The-Future-will-be-Shaped-by-the-Internet-and-its-Users.pdf\"><strong>&#8220;Internet prihodnosti bodo oblikovali njegovi uporabniki&#8221;\u00a0 Lynn St.Amour, predsednica ISOC World.<\/strong><\/a><\/h3>\n<h3><a href=\"http:\/\/www.isoc-drustvo.si\/?p=435\"><strong>ISOC podpira odlo\u010ditev Komisije ZN za \u010dlovekove pravice, da je dostop do Interneta \u010dlovekova pravica<\/strong><\/a><\/h3>\n<h3><a href=\"http:\/\/isoc.org\/wp\/newsletter\/?p=4579\"><strong>Dru\u0161tvo Internet society nam iskreno \u017eeli vse najbolj\u0161e ob 15-letnici ustanovitve dru\u0161tva Internet Society Slovenia Chapter<\/strong><\/a><\/h3>\n<p><a href=\"http:\/\/isoc.org\/wp\/newsletter\/?p=4579\"><img loading=\"lazy\" decoding=\"async\" class=\"aligncenter size-medium wp-image-432\" title=\"happy-birthday-slovenia-chapter\" src=\"http:\/\/www.isoc-drustvo.si\/wp-content\/uploads\/2011\/05\/happy-birthday-slovenia-chapter-300x255.jpg\" alt=\"\" width=\"300\" height=\"255\" srcset=\"https:\/\/www.isoc.si\/wp-content\/uploads\/2011\/05\/happy-birthday-slovenia-chapter-300x255.jpg 300w, https:\/\/www.isoc.si\/wp-content\/uploads\/2011\/05\/happy-birthday-slovenia-chapter.jpg 700w\" sizes=\"(max-width: 300px) 100vw, 300px\" \/><\/a><\/p>\n<h3><a href=\"http:\/\/www.isoc-drustvo.si\/?p=412\"><strong>Dokumenti in videoposnetki: 20. obletnica prve internetne povezave v Sloveniji<\/strong><\/a><\/h3>\n<p>Prireditev 20. obletnice internetne povezave v Sloveniji, ki je potekala v sklopu dogodka <strong>&#8220;No\u010d raziskovalcev 2011&#8221;<\/strong> se je uspe\u0161no zaklju\u010dila. Slike in videoposnetke si lahko ogledate v naslednjem prispevku. <a href=\"http:\/\/www.isoc-drustvo.si\/?p=412\">Klik. <\/a><\/p>\n<p><a href=\"http:\/\/www.isoc-drustvo.si\/?p=412\"><img loading=\"lazy\" decoding=\"async\" class=\"aligncenter size-medium wp-image-386\" title=\"plakat_20_obletnica\" src=\"http:\/\/www.isoc-drustvo.si\/wp-content\/uploads\/2011\/09\/plakat_20_obletnica-211x300.jpg\" alt=\"\" width=\"211\" height=\"300\" srcset=\"https:\/\/www.isoc.si\/wp-content\/uploads\/2011\/09\/plakat_20_obletnica-211x300.jpg 211w, https:\/\/www.isoc.si\/wp-content\/uploads\/2011\/09\/plakat_20_obletnica.jpg 550w\" sizes=\"(max-width: 211px) 100vw, 211px\" \/><\/a><\/p>\n<p>&nbsp;<\/p>\n","protected":false},"excerpt":{"rendered":"<p>Dobrodo\u0161li na straneh Slovenskega zdru\u017eenja za ra\u010dunalni\u0161ke komunikacije Internet ISOC-SI, ki deluje pod okriljem mednarodnega zdru\u017eenja Internet Society, ki zdru\u017euje ve\u010d kot 150 organizacijskih in 6000 samostojnih \u010dlanov v nekaj ve\u010d kot 100 dr\u017eavah. Organizacija \u010dlanom omogo\u010da soo\u010danje s prihodnostjo interneta in zdru\u017euje skupine, odgovorne za internetne infrastrukturne standarde. Individualne in organizacijske \u010dlane zdru\u017eenja zavezujejo  <a href=\"https:\/\/www.isoc.si\/\">Read more&#8230;<\/a><\/p>\n","protected":false},"author":1,"featured_media":0,"parent":0,"menu_order":0,"comment_status":"open","ping_status":"open","template":"","meta":{"footnotes":""},"_links":{"self":[{"href":"https:\/\/www.isoc.si\/index.php?rest_route=\/wp\/v2\/pages\/38"}],"collection":[{"href":"https:\/\/www.isoc.si\/index.php?rest_route=\/wp\/v2\/pages"}],"about":[{"href":"https:\/\/www.isoc.si\/index.php?rest_route=\/wp\/v2\/types\/page"}],"author":[{"embeddable":true,"href":"https:\/\/www.isoc.si\/index.php?rest_route=\/wp\/v2\/users\/1"}],"replies":[{"embeddable":true,"href":"https:\/\/www.isoc.si\/index.php?rest_route=%2Fwp%2Fv2%2Fcomments&post=38"}],"version-history":[{"count":116,"href":"https:\/\/www.isoc.si\/index.php?rest_route=\/wp\/v2\/pages\/38\/revisions"}],"predecessor-version":[{"id":583,"href":"https:\/\/www.isoc.si\/index.php?rest_route=\/wp\/v2\/pages\/38\/revisions\/583"}],"wp:attachment":[{"href":"https:\/\/www.isoc.si\/index.php?rest_route=%2Fwp%2Fv2%2Fmedia&parent=38"}],"curies":[{"name":"wp","href":"https:\/\/api.w.org\/{rel}","templated":true}]}}