{"id":23,"date":"2011-05-26T10:34:31","date_gmt":"2011-05-26T10:34:31","guid":{"rendered":"http:\/\/www.isoc-drustvo.si\/?page_id=23"},"modified":"2024-02-22T08:44:01","modified_gmt":"2024-02-22T08:44:01","slug":"povezave","status":"publish","type":"page","link":"https:\/\/www.isoc.si\/?page_id=23","title":{"rendered":"Povezave"},"content":{"rendered":"<p><span style=\"color: #800000;\"><strong>ISOC<\/strong> &#8211;\u00a0<strong>Internet SOCiety <\/strong><br \/>\n<\/span><a href=\"http:\/\/www.isoc.org\/\" target=\"_blank\" rel=\"noopener\">www.isoc.org<\/a><\/p>\n<p><span style=\"color: #800000;\"><span style=\"color: #993300;\"><strong>ICANN &#8211; The Internet Corporation for Assigned Names and Numbers<\/strong><\/span><br \/>\n<\/span>ICAN je neprofitna organizacija, ki je prevzela odgovornost za u\u010dinkovito alokacijo IP naslovov, razdelitev imen domen, funkcije, ki jih je prej opravljala IANA. Ve\u010d informacij o ICANN dobite na naslovu:<br \/>\n<a href=\"http:\/\/www.icann.org\/\" target=\"_blank\" rel=\"noopener\">www.icann.org<\/a><\/p>\n<p><a href=\"http:\/\/www.icann.org\/\" target=\"_blank\" rel=\"noopener\"><strong><span style=\"color: #800000;\">W3W<\/span><span style=\"color: #800000;\"> &#8211; The World Wide Web Consortium<\/span><\/strong><\/a><br \/>\nRazvija interoperativne tehnologije, kot so software, vodniki in orodja, s ciljem izkoristiti vse potenciale svetovnega spleta, tako da bi postal sredi\u0161\u010de informacij, trgovine in komunikacije. Ve\u010d informacij o W3W dobite na spletni strani:<br \/>\n<a href=\"http:\/\/www.w3.org\/\" target=\"_blank\" rel=\"noopener\">www.w3.org<\/a><\/p>\n<p><strong><span style=\"color: #800000;\">ISOC-ECC &#8211; European Chapters Coordinating Council of ISOC<\/span><\/strong><br \/>\n<a href=\"http:\/\/www.isoc-ecc.org\/\" target=\"_blank\" rel=\"noopener\">www.isoc-ecc.org <\/a><\/p>\n<p><strong><span style=\"color: #800000;\">EUREG<\/span><\/strong><br \/>\nEvropska neprofitna organizacija s sede\u017eem v Luksemburgu, ki je bila ustanovljena z namenom upravljanja z domenami tipa &#8220;.eu&#8221;. It is a non-profit organization legally stablished in Luxembourg. \u010clanstvo je javno.<br \/>\n<a href=\"http:\/\/www.eureg.org\/\" target=\"_blank\" rel=\"noopener\">www.eureg.org<\/a><\/p>\n","protected":false},"excerpt":{"rendered":"<p>ISOC &#8211;\u00a0Internet SOCiety www.isoc.org ICANN &#8211; The Internet Corporation for Assigned Names and Numbers ICAN je neprofitna organizacija, ki je prevzela odgovornost za u\u010dinkovito alokacijo IP naslovov, razdelitev imen domen, funkcije, ki jih je prej opravljala IANA. Ve\u010d informacij o ICANN dobite na naslovu: www.icann.org W3W &#8211; The World Wide Web Consortium Razvija interoperativne tehnologije,  <a href=\"https:\/\/www.isoc.si\/?page_id=23\">Read more&#8230;<\/a><\/p>\n","protected":false},"author":1,"featured_media":0,"parent":0,"menu_order":0,"comment_status":"closed","ping_status":"closed","template":"","meta":{"footnotes":""},"_links":{"self":[{"href":"https:\/\/www.isoc.si\/index.php?rest_route=\/wp\/v2\/pages\/23"}],"collection":[{"href":"https:\/\/www.isoc.si\/index.php?rest_route=\/wp\/v2\/pages"}],"about":[{"href":"https:\/\/www.isoc.si\/index.php?rest_route=\/wp\/v2\/types\/page"}],"author":[{"embeddable":true,"href":"https:\/\/www.isoc.si\/index.php?rest_route=\/wp\/v2\/users\/1"}],"replies":[{"embeddable":true,"href":"https:\/\/www.isoc.si\/index.php?rest_route=%2Fwp%2Fv2%2Fcomments&post=23"}],"version-history":[{"count":7,"href":"https:\/\/www.isoc.si\/index.php?rest_route=\/wp\/v2\/pages\/23\/revisions"}],"predecessor-version":[{"id":1457,"href":"https:\/\/www.isoc.si\/index.php?rest_route=\/wp\/v2\/pages\/23\/revisions\/1457"}],"wp:attachment":[{"href":"https:\/\/www.isoc.si\/index.php?rest_route=%2Fwp%2Fv2%2Fmedia&parent=23"}],"curies":[{"name":"wp","href":"https:\/\/api.w.org\/{rel}","templated":true}]}}