{"id":19,"date":"2011-05-26T10:33:48","date_gmt":"2011-05-26T10:33:48","guid":{"rendered":"http:\/\/www.isoc-drustvo.si\/?page_id=19"},"modified":"2026-04-08T08:20:20","modified_gmt":"2026-04-08T08:20:20","slug":"kontakt","status":"publish","type":"page","link":"https:\/\/www.isoc.si\/?page_id=19","title":{"rendered":"Kontakt"},"content":{"rendered":"<p><strong>Osnovni podatki dru\u0161tva: <\/strong><\/p>\n<p>Slovensko zdru\u017eenje za ra\u010dunalni\u0161ke komunikacije INTERNET ISOC-SI<br \/>\n<strong>Zdru\u017eenje ISOC.SI<\/strong><br \/>\nJamova cesta 39<br \/>\n1000 Ljubljana<\/p>\n<p>tel.: (01) 4773 756<br \/>\ne-mail:\u00a0<a href=\"mailto:info@isoc.si\" target=\"_blank\" rel=\"noopener\">info@isoc.si<\/a><\/p>\n","protected":false},"excerpt":{"rendered":"<p>Osnovni podatki dru\u0161tva: Slovensko zdru\u017eenje za ra\u010dunalni\u0161ke komunikacije INTERNET ISOC-SI Zdru\u017eenje ISOC.SI Jamova cesta 39 1000 Ljubljana tel.: (01) 4773 756 e-mail:\u00a0info@isoc.si<\/p>\n","protected":false},"author":1,"featured_media":0,"parent":0,"menu_order":0,"comment_status":"closed","ping_status":"closed","template":"","meta":{"footnotes":""},"_links":{"self":[{"href":"https:\/\/www.isoc.si\/index.php?rest_route=\/wp\/v2\/pages\/19"}],"collection":[{"href":"https:\/\/www.isoc.si\/index.php?rest_route=\/wp\/v2\/pages"}],"about":[{"href":"https:\/\/www.isoc.si\/index.php?rest_route=\/wp\/v2\/types\/page"}],"author":[{"embeddable":true,"href":"https:\/\/www.isoc.si\/index.php?rest_route=\/wp\/v2\/users\/1"}],"replies":[{"embeddable":true,"href":"https:\/\/www.isoc.si\/index.php?rest_route=%2Fwp%2Fv2%2Fcomments&post=19"}],"version-history":[{"count":9,"href":"https:\/\/www.isoc.si\/index.php?rest_route=\/wp\/v2\/pages\/19\/revisions"}],"predecessor-version":[{"id":1644,"href":"https:\/\/www.isoc.si\/index.php?rest_route=\/wp\/v2\/pages\/19\/revisions\/1644"}],"wp:attachment":[{"href":"https:\/\/www.isoc.si\/index.php?rest_route=%2Fwp%2Fv2%2Fmedia&parent=19"}],"curies":[{"name":"wp","href":"https:\/\/api.w.org\/{rel}","templated":true}]}}