{"id":158,"date":"2011-06-06T08:59:29","date_gmt":"2011-06-06T08:59:29","guid":{"rendered":"http:\/\/www.isoc-drustvo.si\/?page_id=158"},"modified":"2024-02-22T08:45:07","modified_gmt":"2024-02-22T08:45:07","slug":"internet-v-sloveniji-2","status":"publish","type":"page","link":"https:\/\/www.isoc.si\/?page_id=158","title":{"rendered":"Internet v Sloveniji"},"content":{"rendered":"<h2>Zgodovina<\/h2>\n<p>Za za\u010detek uporabe interneta v Sloveniji \u0161tejemo prvo povezavo s protokolom <a href=\"http:\/\/www.zbirka.si\/ip\/\">IP<\/a>, ki je bila oktobra 1991 vzpostavljena med <a href=\"http:\/\/www.ijs.si\">In\u0161titutom &#8220;Jo\u017eef Stefan&#8221;<\/a> in nizozemskim in\u0161titutom za jedrsko fiziko (<a href=\"http:\/\/www.zbirka.si\/nikhef\/\">NIKHEF<\/a>). V laboratoriju za odprte sisteme in mre\u017ee na IJS je bil takrat postavljen primarni domenski <a href=\"http:\/\/www.zbirka.si\/streznik\/\">stre\u017enik<\/a> za domeno <a href=\"http:\/\/www.zbirka.si\/yu\/\">.yu<\/a>. Vrhnja domena .si je bila registrirana leta 1992 po osamosvojitvi Slovenije, kljub temu pa se je uporaba .yu nadaljevala \u0161e precej \u010dasa in \u0161ele konec devetdesetih let so register prenesli na <a href=\"http:\/\/www.zbirka.si\/univerza-v-beogradu\/\">Univerzo v Beogradu<\/a>. Pri Arnesu se je \u0161e nekaj let nadaljevala tudi uporaba starej\u0161ih povezovalnih protokolov <a href=\"http:\/\/www.zbirka.si\/x-400\/\">X.400<\/a> in <a href=\"http:\/\/www.zbirka.si\/x-25\/\">X.25<\/a> zaradi preference evropskih raziskovalnih in\u0161titucij po uporabi standardov <a href=\"http:\/\/www.zbirka.si\/iso-osi-referencni-model\/\">ISO\/OSI<\/a>. V prvi telefonski anketi gospodinjstev leta 1996 se je 6,5% odstotka vpra\u0161anih izreklo za uporabnike interneta, vendar je bil zaradi te\u017eav z metodologijo dejanski dele\u017e uporabnikov verjetno ni\u017eji.<\/p>\n<h2>Zunanje povezave<\/h2>\n<p>*<a href=\"http:\/\/www.ris.org\/\">http:\/\/www.ris.org\/<\/a> RIS &#8211; Raba Interneta v Sloveniji]; neprofiten projekt spremljanja rabe<br \/>\n*<a href=\"http:\/\/www.sispa.org\">http:\/\/www.sispa.org<\/a>\/ SISPA] (Sekcija ponudnikov Internet storitev Slovenije)<br \/>\n<strong>VIR:<\/strong> <a href=\"http:\/\/www.zbirka.si\/\">www.zbirka.si\/<\/a><\/p>\n<h2>Priporo\u010damo \u0161e ogled:<\/h2>\n<p>Osebni zapiski &#8211; Prihod Interneta v Slovenijo: <a href=\"http:\/\/www.isoc.si\/prihod-interneta\/\">LINK<\/a><br \/>\nKratka zgodovina Interneta: <a href=\"http:\/\/www.isoc.si\/?p=304\">LINK<\/a><\/p>\n","protected":false},"excerpt":{"rendered":"<p>Zgodovina Za za\u010detek uporabe interneta v Sloveniji \u0161tejemo prvo povezavo s protokolom IP, ki je bila oktobra 1991 vzpostavljena med In\u0161titutom &#8220;Jo\u017eef Stefan&#8221; in nizozemskim in\u0161titutom za jedrsko fiziko (NIKHEF). V laboratoriju za odprte sisteme in mre\u017ee na IJS je bil takrat postavljen primarni domenski stre\u017enik za domeno .yu. Vrhnja domena .si je bila registrirana  <a href=\"https:\/\/www.isoc.si\/?page_id=158\">Read more&#8230;<\/a><\/p>\n","protected":false},"author":1001003,"featured_media":0,"parent":0,"menu_order":0,"comment_status":"closed","ping_status":"closed","template":"","meta":{"footnotes":""},"_links":{"self":[{"href":"https:\/\/www.isoc.si\/index.php?rest_route=\/wp\/v2\/pages\/158"}],"collection":[{"href":"https:\/\/www.isoc.si\/index.php?rest_route=\/wp\/v2\/pages"}],"about":[{"href":"https:\/\/www.isoc.si\/index.php?rest_route=\/wp\/v2\/types\/page"}],"author":[{"embeddable":true,"href":"https:\/\/www.isoc.si\/index.php?rest_route=\/wp\/v2\/users\/1001003"}],"replies":[{"embeddable":true,"href":"https:\/\/www.isoc.si\/index.php?rest_route=%2Fwp%2Fv2%2Fcomments&post=158"}],"version-history":[{"count":15,"href":"https:\/\/www.isoc.si\/index.php?rest_route=\/wp\/v2\/pages\/158\/revisions"}],"predecessor-version":[{"id":1458,"href":"https:\/\/www.isoc.si\/index.php?rest_route=\/wp\/v2\/pages\/158\/revisions\/1458"}],"wp:attachment":[{"href":"https:\/\/www.isoc.si\/index.php?rest_route=%2Fwp%2Fv2%2Fmedia&parent=158"}],"curies":[{"name":"wp","href":"https:\/\/api.w.org\/{rel}","templated":true}]}}