{"id":1388,"date":"2023-02-06T12:42:37","date_gmt":"2023-02-06T12:42:37","guid":{"rendered":"https:\/\/www.isoc.si\/?page_id=1388"},"modified":"2023-02-13T10:02:23","modified_gmt":"2023-02-13T10:02:23","slug":"projekt-ucenje-o-kibernetski-varnosti-v-slovenski-srednji-soli","status":"publish","type":"page","link":"https:\/\/www.isoc.si\/?page_id=1388","title":{"rendered":"Z novim projektom o kibernetski varnosti v leto 2023"},"content":{"rendered":"\n<p>Pod okriljem Zdru\u017eenja ISOC.SI se je decembra 2022 pri\u010del projekt \u00bbIzobrazimo mlade za varno rabo interneta\u00ab.<\/p>\n\n\n\n<p><br>Izredni pouk s temami s podro\u010dja kibernetske varnosti je bil organiziran za 120 dijakov in dijakinj Gimnazije Be\u017eigrad ter dijakov IB \u0161ole Ljubljana. Gradivo za predavanje je bilo pripravljeno na podlagi metodologije, ki jo je razvil Evropski kompeten\u010dni center za kibernetsko varnost <strong><a rel=\"noreferrer noopener\" href=\"https:\/\/www.concordia-h2020.eu\/\" target=\"_blank\">CONCORDIA<\/a><\/strong>, Program Obzorje 2020 (H2020). Metodologija bo v dogovoru s projektom <strong><a rel=\"noreferrer noopener\" href=\"https:\/\/www.concordia-h2020.eu\/\" target=\"_blank\">CONCORDIA<\/a><\/strong> objavljena na spletni strani Zdru\u017eenja ISOC.SI.<\/p>\n\n\n\n<p><br>Prva tema predavanja je bila varstvo podatkov in skrb zanje. Dijaki so dobili informacije o varnosti podatkov in njihovi ustrezni za\u0161\u010diti. Mladi so na primerih iz lastnih izku\u0161enj razpravljali o pasteh na internetu. Na podlagi prakti\u010dnih primerov so se seznanili z metodami za za\u0161\u010dito podatkov.<\/p>\n\n\n\n<p><br>Dijaki so bili presene\u010deni nad nekaterimi vsebinami, predvsem so jih presenetili podatki o socialnem in\u017eeniringu. Ob koncu pouka so sprejeli naslednje ugotovitve:<\/p>\n\n\n\n<ul><li>Osebni podatki lahko razkrijejo vse informacije o osebi in njenem \u017eivljenju.<\/li><li>Kibernetska varnost vpliva na na\u0161e \u017eivljenje.<\/li><li>Dogajanja na podro\u010dju kibernetske varnosti odpirajo vrata za nove poklicne poti.<\/li><li>Socialni in\u017eeniring je izraz, ki se uporablja za \u0161iroko paleto zlonamernih dejavnosti, ki se izvajajo prek \u010dlove\u0161kih interakcij.<\/li><\/ul>\n\n\n\n<p><\/p>\n\n\n\n<figure class=\"wp-block-image size-full\"><a href=\"https:\/\/www.isoc.si\/wp-content\/uploads\/2023\/02\/internet-mladina.jpg\"><img loading=\"lazy\" decoding=\"async\" width=\"1000\" height=\"338\" src=\"https:\/\/www.isoc.si\/wp-content\/uploads\/2023\/02\/internet-mladina.jpg\" alt=\"\" class=\"wp-image-1385\" srcset=\"https:\/\/www.isoc.si\/wp-content\/uploads\/2023\/02\/internet-mladina.jpg 1000w, https:\/\/www.isoc.si\/wp-content\/uploads\/2023\/02\/internet-mladina-300x101.jpg 300w, https:\/\/www.isoc.si\/wp-content\/uploads\/2023\/02\/internet-mladina-768x260.jpg 768w\" sizes=\"(max-width: 1000px) 100vw, 1000px\" \/><\/a><\/figure>\n\n\n\n<p>Chapter ISOC Slovenia has started with the project &#8220;Learning about cybersecurity in Slovenian high school\u201d. The project has no funding and the implementation is held by ISOC.SI officers.<\/p>\n\n\n\n<p>Voluntary classes for the students of high schools i were organised. 120 students from Gimnazija Bezigrad and IB School students in Ljubljana are involved. The class material was prepared based on the methodology developed by the EU Cyber security Competence centre Concordia, which is published on ISOC.SI website. The first topic in the classes was data protection and users concern about that. <\/p>\n\n\n\n<p>The objectives of the class were for students to learn about data security, to let them know what information and knowledge can be obtained from someone\u2019s data, how data should be protected, and the importance of self-protection regarding the personal data on the internet.<\/p>\n\n\n\n<p>The part of the learning session included discussion about the problem regarding the missing knowledge among the young internet users safety, their experiences when working on the internet and elaborating on practical examples. The discussion was intensive and lively.<\/p>\n\n\n\n<p> The students were surprised and shocked at some points from the class material, especially about the consequences of social engineering on security. At the end satisfaction was expressed with an agreement for adopting the presented measures for safe live on the internet.<\/p>\n\n\n\n<figure class=\"wp-block-image size-full\"><a href=\"https:\/\/www.isoc.si\/wp-content\/uploads\/2023\/02\/youth_safety_internet.png\"><img loading=\"lazy\" decoding=\"async\" width=\"1001\" height=\"577\" src=\"https:\/\/www.isoc.si\/wp-content\/uploads\/2023\/02\/youth_safety_internet.png\" alt=\"\" class=\"wp-image-1398\" srcset=\"https:\/\/www.isoc.si\/wp-content\/uploads\/2023\/02\/youth_safety_internet.png 1001w, https:\/\/www.isoc.si\/wp-content\/uploads\/2023\/02\/youth_safety_internet-300x173.png 300w, https:\/\/www.isoc.si\/wp-content\/uploads\/2023\/02\/youth_safety_internet-768x443.png 768w\" sizes=\"(max-width: 1001px) 100vw, 1001px\" \/><\/a><\/figure>\n","protected":false},"excerpt":{"rendered":"<p>Pod okriljem Zdru\u017eenja ISOC.SI se je decembra 2022 pri\u010del projekt \u00bbIzobrazimo mlade za varno rabo interneta\u00ab. Izredni pouk s temami s podro\u010dja kibernetske varnosti je bil organiziran za 120 dijakov in dijakinj Gimnazije Be\u017eigrad ter dijakov IB \u0161ole Ljubljana. Gradivo za predavanje je bilo pripravljeno na podlagi metodologije, ki jo je razvil Evropski kompeten\u010dni center  <a href=\"https:\/\/www.isoc.si\/?page_id=1388\">Read more&#8230;<\/a><\/p>\n","protected":false},"author":1,"featured_media":0,"parent":0,"menu_order":0,"comment_status":"closed","ping_status":"closed","template":"","meta":{"footnotes":""},"_links":{"self":[{"href":"https:\/\/www.isoc.si\/index.php?rest_route=\/wp\/v2\/pages\/1388"}],"collection":[{"href":"https:\/\/www.isoc.si\/index.php?rest_route=\/wp\/v2\/pages"}],"about":[{"href":"https:\/\/www.isoc.si\/index.php?rest_route=\/wp\/v2\/types\/page"}],"author":[{"embeddable":true,"href":"https:\/\/www.isoc.si\/index.php?rest_route=\/wp\/v2\/users\/1"}],"replies":[{"embeddable":true,"href":"https:\/\/www.isoc.si\/index.php?rest_route=%2Fwp%2Fv2%2Fcomments&post=1388"}],"version-history":[{"count":8,"href":"https:\/\/www.isoc.si\/index.php?rest_route=\/wp\/v2\/pages\/1388\/revisions"}],"predecessor-version":[{"id":1400,"href":"https:\/\/www.isoc.si\/index.php?rest_route=\/wp\/v2\/pages\/1388\/revisions\/1400"}],"wp:attachment":[{"href":"https:\/\/www.isoc.si\/index.php?rest_route=%2Fwp%2Fv2%2Fmedia&parent=1388"}],"curies":[{"name":"wp","href":"https:\/\/api.w.org\/{rel}","templated":true}]}}